{"id":6149,"date":"2024-12-05T08:38:45","date_gmt":"2024-12-05T07:38:45","guid":{"rendered":"https:\/\/nyastigar.se\/?page_id=6149"},"modified":"2025-11-05T08:44:26","modified_gmt":"2025-11-05T07:44:26","slug":"ovrigt","status":"publish","type":"page","link":"https:\/\/nyastigar.se\/?page_id=6149","title":{"rendered":"Diverse"},"content":{"rendered":"<p>H\u00e4r har jag samlat lite olika rapporter som jag samlat i ett dokument. Detta \u00e4r p\u00e5 grund av begr\u00e4nsningar i plattformens begr\u00e4nsning avseende menyer.<br \/>\namlade rapporter, klicka <a href=\"https:\/\/nyastigar.se\/?page_id=340\">h\u00e4r<\/a>.<\/p>\n","protected":false},"excerpt":{"rendered":"<p>H\u00e4r har jag samlat lite olika rapporter som jag samlat i ett dokument. Detta \u00e4r p\u00e5 grund av begr\u00e4nsningar i plattformens begr\u00e4nsning avseende menyer. amlade rapporter, klicka h\u00e4r.<\/p>\n","protected":false},"author":1,"featured_media":0,"parent":0,"menu_order":0,"comment_status":"closed","ping_status":"closed","template":"","meta":{"footnotes":""},"class_list":["post-6149","page","type-page","status-publish","hentry"],"_links":{"self":[{"href":"https:\/\/nyastigar.se\/index.php?rest_route=\/wp\/v2\/pages\/6149","targetHints":{"allow":["GET"]}}],"collection":[{"href":"https:\/\/nyastigar.se\/index.php?rest_route=\/wp\/v2\/pages"}],"about":[{"href":"https:\/\/nyastigar.se\/index.php?rest_route=\/wp\/v2\/types\/page"}],"author":[{"embeddable":true,"href":"https:\/\/nyastigar.se\/index.php?rest_route=\/wp\/v2\/users\/1"}],"replies":[{"embeddable":true,"href":"https:\/\/nyastigar.se\/index.php?rest_route=%2Fwp%2Fv2%2Fcomments&post=6149"}],"version-history":[{"count":4,"href":"https:\/\/nyastigar.se\/index.php?rest_route=\/wp\/v2\/pages\/6149\/revisions"}],"predecessor-version":[{"id":6301,"href":"https:\/\/nyastigar.se\/index.php?rest_route=\/wp\/v2\/pages\/6149\/revisions\/6301"}],"wp:attachment":[{"href":"https:\/\/nyastigar.se\/index.php?rest_route=%2Fwp%2Fv2%2Fmedia&parent=6149"}],"curies":[{"name":"wp","href":"https:\/\/api.w.org\/{rel}","templated":true}]}}