{"id":551,"date":"2015-02-15T11:11:07","date_gmt":"2015-02-15T10:11:07","guid":{"rendered":"http:\/\/nyastigar.se\/?page_id=551"},"modified":"2021-01-18T12:08:53","modified_gmt":"2021-01-18T11:08:53","slug":"om-denna-blogg","status":"publish","type":"page","link":"https:\/\/nyastigar.se\/?page_id=551","title":{"rendered":"Om och kontakt"},"content":{"rendered":"<p><script>\/\/ <![CDATA[ (function(i,s,o,g,r,a,m){i['GoogleAnalyticsObject']=r;i[r]=i[r]||function(){ (i[r].q=i[r].q||[]).push(arguments)},i[r].l=1*new Date();a=s.createElement(o), m=s.getElementsByTagName(o)[0];a.async=1;a.src=g;m.parentNode.insertBefore(a,m) })(window,document,'script','\/\/www.google-analytics.com\/analytics.js','ga'); ga('create', 'UA-52668068-1', 'auto'); ga('send', 'pageview'); \/\/ ]]><\/script><\/p>\n<p>Starten av denna blogg har uppst\u00e5tt spontant, n\u00e4r jag drabbats av vad som skulle kunna kallas skrivkl\u00e5da. Tidigare s\u00e5 skrev jag lite\u00a0 i olika klubbtidningar som jag\u00a0varit medlem i.<\/p>\n<p>Ins\u00e5g vid ett tillf\u00e4lle, att det hade samlats p\u00e5 en hel del material.\u00a0Mycket hade visserligen f\u00f6rsvunnit, n\u00e4r anteckningar har hamnat i pappersinsamlingar och datorer har skrotats.<\/p>\n<p>Beslutade mig f\u00f6r att samla ihop allt som fanns kvar och skapade grunden till denna blogg.<\/p>\n<p>L\u00e4gger till nytt material i bloggen, beroende p\u00e5 inspiration!<br \/>Skrivandet bygger helt p\u00e5 spontanitet och \u00e4mnena kan bli om vad som helst.<br \/>Det har det visat sig att inspirationen \u00f6kar n\u00e4r det blir lite lugnare i tillvaron, som t.ex. vid helger och semestrar.<\/p>\n<p>V\u00e4lkommen att ta del av denna blogg om Du hittar n\u00e5got av intresse!<\/p>\n<p>L\u00e4nkar:<\/p>\n<p><a href=\"https:\/\/www.youtube.com\/channel\/UC7eCjZjyd9rOZMeblnPZvlQ\">Filmer<\/a><\/p>\n<p><a href=\"https:\/\/www.flickr.com\/photos\/karitall\/albums\">Bilder<\/a><\/p>\n<p><strong>Kontakt<\/strong><\/p>\n<p>Kari Talltj\u00e4rn<\/p>\n<p>karitall@hotmail.com<\/p>\n<p>karitall56@gmail.com<\/p>\n\n\n<p><\/p>\n","protected":false},"excerpt":{"rendered":"<p>Starten av denna blogg har uppst\u00e5tt spontant, n\u00e4r jag drabbats av vad som skulle kunna kallas skrivkl\u00e5da. Tidigare s\u00e5 skrev jag lite\u00a0 i olika klubbtidningar som jag\u00a0varit medlem i. Ins\u00e5g vid ett tillf\u00e4lle, att det hade samlats p\u00e5 en hel del material.\u00a0Mycket hade visserligen f\u00f6rsvunnit, n\u00e4r anteckningar har hamnat i pappersinsamlingar och datorer har skrotats. &hellip; <a href=\"https:\/\/nyastigar.se\/?page_id=551\" class=\"more-link\">Forts\u00e4tt l\u00e4sa <span class=\"screen-reader-text\">Om och kontakt<\/span> <span class=\"meta-nav\">&rarr;<\/span><\/a><\/p>\n","protected":false},"author":1,"featured_media":0,"parent":0,"menu_order":0,"comment_status":"closed","ping_status":"closed","template":"","meta":{"footnotes":""},"class_list":["post-551","page","type-page","status-publish","hentry"],"_links":{"self":[{"href":"https:\/\/nyastigar.se\/index.php?rest_route=\/wp\/v2\/pages\/551","targetHints":{"allow":["GET"]}}],"collection":[{"href":"https:\/\/nyastigar.se\/index.php?rest_route=\/wp\/v2\/pages"}],"about":[{"href":"https:\/\/nyastigar.se\/index.php?rest_route=\/wp\/v2\/types\/page"}],"author":[{"embeddable":true,"href":"https:\/\/nyastigar.se\/index.php?rest_route=\/wp\/v2\/users\/1"}],"replies":[{"embeddable":true,"href":"https:\/\/nyastigar.se\/index.php?rest_route=%2Fwp%2Fv2%2Fcomments&post=551"}],"version-history":[{"count":14,"href":"https:\/\/nyastigar.se\/index.php?rest_route=\/wp\/v2\/pages\/551\/revisions"}],"predecessor-version":[{"id":5120,"href":"https:\/\/nyastigar.se\/index.php?rest_route=\/wp\/v2\/pages\/551\/revisions\/5120"}],"wp:attachment":[{"href":"https:\/\/nyastigar.se\/index.php?rest_route=%2Fwp%2Fv2%2Fmedia&parent=551"}],"curies":[{"name":"wp","href":"https:\/\/api.w.org\/{rel}","templated":true}]}}