{"id":4449,"date":"2018-04-27T09:37:28","date_gmt":"2018-04-27T08:37:28","guid":{"rendered":"http:\/\/nyastigar.se\/?page_id=4449"},"modified":"2018-05-01T10:01:29","modified_gmt":"2018-05-01T09:01:29","slug":"pilgrimsleden-fogdo","status":"publish","type":"page","link":"https:\/\/nyastigar.se\/?page_id=4449","title":{"rendered":"Pilgrimsleden Fogd\u00f6"},"content":{"rendered":"<p><script>\/\/ <![CDATA[ (function(i,s,o,g,r,a,m){i['GoogleAnalyticsObject']=r;i[r]=i[r]||function(){ (i[r].q=i[r].q||[]).push(arguments)},i[r].l=1*new Date();a=s.createElement(o), m=s.getElementsByTagName(o)[0];a.async=1;a.src=g;m.parentNode.insertBefore(a,m) })(window,document,'script','\/\/www.google-analytics.com\/analytics.js','ga'); ga('create', 'UA-52668068-1', 'auto'); ga('send', 'pageview'); \/\/ ]]><\/script><\/p>\n<h2 id=\"start\">Etapper<\/h2>\n<p><a href=\"#E2\">2018-04-14 Pilgrimsled etapp 2<\/a><br \/>\n<a href=\"#E2\">2018-04-21 Pilgrimsled etapp 3<\/a><br \/>\n<a href=\"#E3\">2018-04-28 Pilgrimsled etapp 1<\/a><\/p>\n<h2 id=\"E3\"> Pilgrimsled etapp 1<\/h2>\n<p>Dags f\u00f6r sista etappen p\u00e5 denna led. De tidigare etapperna har varit trevliga och leden har g\u00e5tt i blandat skog, f\u00e4lt och stigar. Denna sista etapp \u00e4r kanske den minst intressanta, men d\u00e4rmed inte sagt att den inte \u00e4r v\u00e4rda att cykla. Det \u00e4r ganska mycket cykling \u00f6ver vida f\u00e4lt och lite mindre &#8221;sev\u00e4rdheter&#8221;. Detta beror naturligtvis p\u00e5 vad man som cyklist vill uppleva. Hade en Holl\u00e4ndsk arbetskamrat under n\u00e5gra \u00e5r och han trivdes b\u00e4st bland \u00f6ppna f\u00e4lt, d\u00e4r man kan se mil bort!<br \/>\nStartar vid Sigurdsristningen och det g\u00e5r raskt nedf\u00f6r till Fogd\u00f6v\u00e4gen. Passerar genom tidigare milit\u00e4ra \u00f6vningsomr\u00e5den? och viker norrut vid Kinger. Det verkar som n\u00e5gon bofast inte vill att vi skall cykla den lilla v\u00e4gen norr om Kinger, d\u00e5 det st\u00e5r en skylt som anger privat tomt. Fr\u00e5gan \u00e4r vad som g\u00e4ller?<br \/>\nTrampar vidare norrut f\u00f6rbi Vans\u00f6, Eneby och fram till Kungsberg v\u00e4gen. Det &#8221;h\u00e4nder&#8221; inte s\u00e5 mycket p\u00e5 denna del.<br \/>\nViker av mot Fogd\u00f6 och korsar v\u00e4gen mot Bergshamra. Golfarna st\u00e5r och svingar vid Liljelund idag ocks\u00e5.<br \/>\nBergshammar \u00e4r ett rej\u00e4lt gods och det blir s\u00e4kert en hel del att dammsuga, om de f\u00e5r fr\u00e4mmande!<br \/>\nEfter godset blir det mindre v\u00e4g och lite tyngre att trampa i den blandade grus- och lerv\u00e4gen.<br \/>\nSer en rovf\u00e5gel l\u00e4tta vid ett skogsparti. St\u00e5tlig f\u00e5gel som st\u00f6rs lite av frustande cyklister.<br \/>\nVid Rundholm blir det b\u00e4ttre v\u00e4g. Visserligen grusv\u00e4g, men betydligt torrare.<br \/>\nHade hoppats p\u00e5 medvind tillbaka till starten, men det verkar som vinden har v\u00e4nt och det blir \u00e4ven motvind tillbaks.<br \/>\nSm\u00e5 grupper av hus, kantar v\u00e4gen tillbaka till Kinger. Fr\u00e5n Kinger blir det transportstr\u00e4cka via \u00f6vningsf\u00e4lten.<br \/>\nSista biten g\u00e5r det sakta uppf\u00f6r, men det \u00e4r asfalt, s\u00e5 s\u00e4llskapet n\u00e5r m\u00e5let &#8221;helskinnade&#8221;.<br \/>\nDetta blev sista etappen p\u00e5 Fogd\u00f6ns Pilgrimsled och det k\u00e4ndes som en trevlig cykeltur. Leden kan naturligtvis vandras, men s\u00e4llskapet f\u00f6redrar vandringar i skog och cykling p\u00e5 v\u00e4g. Lycka till f\u00f6r den som vill prova p\u00e5 denna led.<br \/>\n<a href=\"#start\">Tillbaka till start<\/a><\/p>\n<h2 id=\"E2\"> Pilgrimsled etapp 2<\/h2>\n<p>Premi\u00e4r f\u00f6r cykelturer denna s\u00e4song!<br \/>\nF\u00f6rsta etappen blir en rundslinga fr\u00e5n Fogd\u00f6 kyrka norrut. F\u00f6rst biten \u00e4r asfalt mot Kungsberg. Strax innan klostret viker leden av till en skogsstig utefter ett g\u00e4rde. Det g\u00e5r inte att cykla p\u00e5 denna del utan s\u00e4llskapet f\u00e5r leda cyklarna i ca en kilometer.<br \/>\nV\u00e5ren \u00e4r p\u00e5 g\u00e5ng och det v\u00e4xer bl\u00e5sippor i backar som n\u00e5s av solen.<br \/>\nVid Lissabon och Libanon! blir det b\u00e4ttre v\u00e4g avbrutet med en bit skogsstig som det g\u00e5r att cykla p\u00e5. H\u00e4r finns det n\u00e5gra fina sj\u00f6tomter. En stug \u00e4gare med humor har satt upp en ovanlig skylt \u201dVarning f\u00f6r berusade personer\u201d. Det var v\u00e4l detta som skyltades med det gamla trafiktecknet \u201dannan fara\u201d f\u00f6rrut?<br \/>\nFr\u00e5n landsort \u00e4r det bra v\u00e4g \u00e4ndra fram till R\u00e4llinge. Fr\u00e5n R\u00e4llinge fram till B\u00e4rby \u00e4r det lerig stig p\u00e5 g\u00e4rde.<br \/>\nOBS! Ser p\u00e5 nuvarande karta att leden dragits om! Leden g\u00e5r ist\u00e4llet \u00f6ver Hasselbacken-Amerika-Viby-Hasta.<br \/>\nVid B\u00e4rby korsades den stora v\u00e4gen \u00f6ver till H\u00e4llby och d\u00e4r blev det \u00e5ter cykling p\u00e5 lerig v\u00e4g \u00f6ver f\u00e4lten till Lilla Hasta. Som sagt, denna del \u00e4r inte heller aktuell d\u00e5 leden dragits om enligt ovan.<br \/>\nCyklar f\u00f6rbi Liljelund d\u00e4r golfarna \u00e4r ute och sl\u00e5r in sig f\u00f6r kommande v\u00e4rldsturneringar?!<br \/>\nN\u00e5r starten vid Fogd\u00f6 kyrka och m\u00f6ter d\u00e4r tre vandrande ynglingar som verkar vara p\u00e5 Pilgrimsleden etapp 1.<br \/>\n<a href=\"#start\">Tillbaka till start<\/a><\/p>\n<h2 id=\"E3\"> Pilgrimsled etapp 3<\/h2>\n<p>Andra etappen p\u00e5 denna led blev mellan Bj\u00f6rsund och Hasta. Leden \u00e4r ingen rundslinga utan g\u00e5r bara i en riktning.<br \/>\nDet blev lite jobbiga och os\u00e4kra kilometer i b\u00f6rjan av dagens cykeltur. Grusv\u00e4gen vid Bj\u00f6rsund var full av \u00e4nnu inte tillplattat oljegrus p\u00e5 v\u00e4gen.<br \/>\nL\u00e4ngre fram s\u00e5 g\u00e5r leden p\u00e5 skogsstigar som var leriga n\u00e4r s\u00e4llskapet cyklade p\u00e5 dessa. Det hade varit b\u00e4ttre med en terr\u00e4ng cykel.<br \/>\nBlev lite os\u00e4ker ocks\u00e5 vid v\u00e4gen till Luntorp d\u00e5 det inte framgick p\u00e5 kartan var man skulle cykla genom skogen. Det finns inte heller n\u00e5gon markering vid stigen.<br \/>\nDet gick dock bra till slut och skogs\u00e4ventyren fortsatte f\u00f6rbi Fagersta, Edeby och Liljelund. Efter Liljelund blir det b\u00e4ttre v\u00e4gar.<br \/>\nDet g\u00e5r raskt d\u00e5 vinden kommer i ryggen och s\u00e4llskapet susar f\u00f6rbi Knutsberg och sv\u00e4nger in vid Hasselbacken. Kartan visar v\u00e4g till Nyg\u00e5rden men leden \u00e4r en stig efter Hasselbacken.<br \/>\nN\u00e5r det exotiska namnet Amerika och h\u00e4r har det skett en olycka. En motorcykel och en bil har haft en incident. Det samlas upp delar p\u00e5 v\u00e4gen och papper skrivs.<br \/>\nCykel-kamraten beslutar ta landsv\u00e4gen tillbaka till Bj\u00f6rsund och skippar biten till Hasta. Forts\u00e4tter sj\u00e4lv till Hasta och det g\u00e5r i rasande fart d\u00e5 vinden \u00e4r stark i ryggen.<br \/>\nVid Viby s\u00e5 h\u00e5ller mark\u00e4garen p\u00e5 att br\u00e4nna en \u00e4ng vid tomten och det \u00e4r kraftig r\u00f6k. Det \u00e4r inte eldningsf\u00f6rbud men fr\u00e5gan \u00e4r om detta kan medf\u00f6ra risker?<br \/>\nVid Hasta s\u00e5 \u00e4r det bara att v\u00e4nda och det \u00e4r kraftigt motvind \u00e4nda fram till Bj\u00f6sund. Men det \u00e4r v\u00e4l bra tr\u00e4ning!<br \/>\nN\u00e5r Bj\u00f6rsund till slut och det var en trevlig etapp och framf\u00f6rallt p\u00e5 de sm\u00e5 v\u00e4garna som man normalt aldrig f\u00e4rdas p\u00e5.<br \/>\n<a href=\"#start\">Tillbaka till start<\/a><\/p>\n","protected":false},"excerpt":{"rendered":"<p>Etapper 2018-04-14 Pilgrimsled etapp 2 2018-04-21 Pilgrimsled etapp 3 2018-04-28 Pilgrimsled etapp 1 Pilgrimsled etapp 1 Dags f\u00f6r sista etappen p\u00e5 denna led. De tidigare etapperna har varit trevliga och leden har g\u00e5tt i blandat skog, f\u00e4lt och stigar. Denna sista etapp \u00e4r kanske den minst intressanta, men d\u00e4rmed inte sagt att den inte \u00e4r &hellip; <a href=\"https:\/\/nyastigar.se\/?page_id=4449\" class=\"more-link\">Forts\u00e4tt l\u00e4sa <span class=\"screen-reader-text\">Pilgrimsleden Fogd\u00f6<\/span> <span class=\"meta-nav\">&rarr;<\/span><\/a><\/p>\n","protected":false},"author":1,"featured_media":0,"parent":0,"menu_order":0,"comment_status":"closed","ping_status":"closed","template":"","meta":{"footnotes":""},"class_list":["post-4449","page","type-page","status-publish","hentry"],"_links":{"self":[{"href":"https:\/\/nyastigar.se\/index.php?rest_route=\/wp\/v2\/pages\/4449","targetHints":{"allow":["GET"]}}],"collection":[{"href":"https:\/\/nyastigar.se\/index.php?rest_route=\/wp\/v2\/pages"}],"about":[{"href":"https:\/\/nyastigar.se\/index.php?rest_route=\/wp\/v2\/types\/page"}],"author":[{"embeddable":true,"href":"https:\/\/nyastigar.se\/index.php?rest_route=\/wp\/v2\/users\/1"}],"replies":[{"embeddable":true,"href":"https:\/\/nyastigar.se\/index.php?rest_route=%2Fwp%2Fv2%2Fcomments&post=4449"}],"version-history":[{"count":3,"href":"https:\/\/nyastigar.se\/index.php?rest_route=\/wp\/v2\/pages\/4449\/revisions"}],"predecessor-version":[{"id":4456,"href":"https:\/\/nyastigar.se\/index.php?rest_route=\/wp\/v2\/pages\/4449\/revisions\/4456"}],"wp:attachment":[{"href":"https:\/\/nyastigar.se\/index.php?rest_route=%2Fwp%2Fv2%2Fmedia&parent=4449"}],"curies":[{"name":"wp","href":"https:\/\/api.w.org\/{rel}","templated":true}]}}