{"id":4340,"date":"2017-12-04T07:54:51","date_gmt":"2017-12-04T06:54:51","guid":{"rendered":"http:\/\/nyastigar.se\/?page_id=4340"},"modified":"2017-12-06T12:19:15","modified_gmt":"2017-12-06T11:19:15","slug":"resa-bangalora-dec-2017-en-mardrom","status":"publish","type":"page","link":"https:\/\/nyastigar.se\/?page_id=4340","title":{"rendered":"Resa Bangalore Dec 2017 &#8211; En (sann) mardr\u00f6m"},"content":{"rendered":"<p><script>\/\/ <![CDATA[\n(function(i,s,o,g,r,a,m){i['GoogleAnalyticsObject']=r;i[r]=i[r]||function(){ (i[r].q=i[r].q||[]).push(arguments)},i[r].l=1*new Date();a=s.createElement(o), m=s.getElementsByTagName(o)[0];a.async=1;a.src=g;m.parentNode.insertBefore(a,m) })(window,document,'script','\/\/www.google-analytics.com\/analytics.js','ga'); ga('create', 'UA-52668068-1', 'auto'); ga('send', 'pageview');\n\/\/ ]]><\/script><\/p>\n<h2 id=\"start\">Dagar<\/h2>\n<p><a href=\"#d1\"> Dag 1 <\/a><br \/>\n<a href=\"#d2\"> Dag 2 <\/a><\/p>\n<h2 id=\"d1\">Dag 1 L\u00e5ng dags f\u00e4rd mot natt<\/h2>\n<p>Resan b\u00f6rjar d\u00e5ligt.<br \/>\n\u00c5ker till Stockholm med bil och det visar sig att det inte g\u00e5r att \u00e5ka bil till hotellet. Det finns ingen avfart fr\u00e5n huvudv\u00e4gen! F\u00e5r ta den tunga resv\u00e4ska och g\u00e5 i gruset vid sidan av en v\u00e4g som g\u00e5r som en bro \u00f6ver huvudv\u00e4gen.<br \/>\nAnl\u00e4nder till hotellet, men f\u00e5r besked om att hotellet \u00e4r st\u00e4ngt och den artige hotellv\u00e4rden s\u00e4ger att detta har meddelats alla bokningar.<br \/>\nKollar vad som undertecknad skall g\u00f6ra ist\u00e4llet och ser att via 2 lokala busslinjer g\u00e5r det att sig till j\u00e4rnv\u00e4gsstationen, f\u00f6r att \u00e5ka t\u00e5get till G\u00f6teborg. Enligt buss-tidtabellen skall det vara m\u00f6jligt att hinna till t\u00e5get \u00e4ven om bytena mellan busslinjerna blir tight. Tyv\u00e4rr har det b\u00f6rjat sn\u00f6a och alla bussar \u00e4r f\u00f6rsenade. Inser att det aldrig kommer vara m\u00f6jligt att hinna till G\u00f6teborgst\u00e5get.<br \/>\nMEN vad fan \u00e4r det h\u00e4r? Undertecknad skall inte \u00e5ka till G\u00f6teborg? Dagens resm\u00e5l \u00e4r Bangalore Indien!<br \/>\nD\u00e5 vaknar undertecknad.<br \/>\n\u00c4r detta ett omen? Kommer resan bli lika besv\u00e4rlig som i dr\u00f6mmen?<br \/>\n\u00c5ker f\u00f6r att h\u00e4mta upp Golfbollen i H\u00e4llby. Ute regnar det och det \u00e4r m\u00f6rkt som ett sotararsle klockan 05:00 p\u00e5 morgonen.<br \/>\nBlir os\u00e4ker p\u00e5 var Golfbollen bor och lyckas med stort besv\u00e4r (Ingen sikt bak\u00e5t) backa upp hos en av dennes grannars tomt. Inser misstaget och forts\u00e4tter till r\u00e4tt hus.<br \/>\nFr\u00e5n H\u00e4llby \u00e4r det b\u00e4ttre v\u00e4g och lika l\u00e5ngt att \u00e5ka \u00f6ver V\u00e4ster\u00e5s till Arlanda.<br \/>\nDet \u00e4r lite trafik och bilresan g\u00e5r bra.<br \/>\nEnda oron \u00e4r vid ing\u00e5ngen till en tunnel strax innan Enk\u00f6ping. Det blixtrar till och funderar p\u00e5 om det \u00e4r fartkameror som inte \u00e4r skyltade. K\u00f6r endast 5 km f\u00f6r fort denna g\u00e5ng och hoppas f\u00f6r f\u00f6rst\u00e5else om det v\u00e4rsta skulle vara fallet. K\u00e4nns konstigt om det inte \u00e4r skyltat.<br \/>\nDet g\u00e5r bra att k\u00f6ra p\u00e5 sm\u00e5v\u00e4garna efter Enk\u00f6ping. Inga r\u00e5djur denna g\u00e5ng. Vid f\u00f6rra resan f\u00f6r undertecknad, sprang tv\u00e5 \u00f6ver v\u00e4gen och dottern fick ocks\u00e5 tv\u00e4rnita f\u00f6r n\u00e5gon vecka sedan. I det senare fallet s\u00e5 tutade bilarna elakt bakom henne, vilket k\u00e4ndes kr\u00e4nkande. De bakomliggande bilarna s\u00e5g f\u00f6rmodligen inte djuren.<br \/>\nN\u00e5r parkeringen och Golfbollen hittar v\u00e4gen till bussh\u00e5llplatsen. Det g\u00e5r bra att kl\u00e4ttra \u00f6ver staketet, om man hivar \u00f6ver v\u00e4skan f\u00f6rst.<br \/>\nN\u00e5r flygplatsen d\u00e4r det finns en m\u00e4ngd olika incheckningsalternativ. Golfbollen f\u00f6redrar k\u00f6n med bag-drop samt support. Han har d\u00e5lig erfarenhet av de automatiska tj\u00e4nsterna.<br \/>\nDet blir en stunds k\u00f6ande. B\u00f6rjar f\u00e5 en vana att bed\u00f6ma vilka kategorier av resande som kommer att strula vid incheckningen. Det visar sig (tyv\u00e4rr) st\u00e4mma ganska bra. K\u00f6andet \u00e4r en aktivitet som inte alls passar undertecknad. Blir (helt i on\u00f6dan) stressad av att v\u00e4nta och framf\u00f6rallt se n\u00e4r det strular.<br \/>\nS\u00e4llskapet \u00e4r p\u00e5 flygplatsen i god tid och det finns ingen anledning till stress. Men \u00e4nd\u00e5\u2026\u2026..<br \/>\nGolfbollen blev retad p\u00e5 jobbet att dennes telefon \u00e4r av ett billigt slag. Han kunde inte l\u00e4sa hela texten lagrad i en s\u00e5 kallad \u201dNFC-tag\u201d. Vid incheckningen gick inte hans \u201dQR-kod\u201d p\u00e5 boardingspasset i telefonen att l\u00e4sa.<br \/>\nUndertecknad fick en ytterligare m\u00f6jlighet till telefon-mobbing!<br \/>\nS\u00e4kerhetskontrollen klaras av elegant. Undertecknad slipper drogtester denna g\u00e5ng och det verkar som \u00e5ldrandet har skapat en st\u00f6rre trov\u00e4rdighet? N\u00e5ja, det var endast 2 m\u00e5nader sen senast?<br \/>\nS\u00e4llskapet sl\u00e5r sig ner f\u00f6r frukost, respektive morgonkaffe. Kaffet \u00e4r som vanligt mycket exklusivt. Detta omd\u00f6me baseras p\u00e5 priset!<br \/>\nGolfbollen observerar att det finns m\u00f6jlighet att k\u00f6pa parfym och kosmetik (-20%) vid ankomsten tillbaka till Arlanda. Ett s\u00e4tt att slippa b\u00e4ra omkring p\u00e5 tunga varor under sj\u00e4lva resan.<br \/>\nUndertecknads \u201dsenioritet\u201d kr\u00e4ver ett brett utbud, varf\u00f6r den tillkommande vikten kan bli avsev\u00e4rd. \u00c5 andra sidan kanske det \u00e4r att bara acceptera \u201dl\u00e4get\u201d som det \u00e4r?<br \/>\nS\u00e4llskapet bordar planet och b\u00e5da har f\u00f6nsterplatser. Undertecknad har tur med en lucka emellan.  Ett annat s\u00e4llskap modell st\u00f6rre, har ockuperat \u201dgolfbollens\u201d f\u00f6nsterplats. Denne g\u00f6r bed\u00f6mningen att det knappast \u00e4r l\u00f6nt att ta en diskussion, d\u00e5 det andra s\u00e4llskapet f\u00f6rmodligen skulle ha sv\u00e5rt att f\u00f6rst\u00e5.<br \/>\nHan tar plats ytterst och n\u00e4rmast g\u00e5ngen. I mitten sitter en mycket stadig man som tar plats b\u00e5de avseende kropp och kl\u00e4dsel.<br \/>\nFramf\u00f6r Golfbollen \u00e4r det en rad med sittplatser vid n\u00f6dutg\u00e5ngen. En sm\u00e5barnsfamilj har beslutat sig att sitta d\u00e4r ist\u00e4llet f\u00f6r raden framf\u00f6r. Detta \u00e4r inte till\u00e5tet ur s\u00e4kerhetssynpunkt och kostar lite extra flis. Flygv\u00e4rden \u201dmotar\u201d bort dessa, efter en l\u00e5ng stunds f\u00f6rklaringar.<br \/>\nPlanet \u00e4r n\u00e5got f\u00f6rsenat d\u00e5 det fattas relevant n\u00f6dutrustning och ny m\u00e5ste h\u00e4mtas fr\u00e5n f\u00f6rr\u00e5det.<br \/>\nPlanet l\u00e4mnar 10 minuter f\u00f6rsenat.<br \/>\nDet \u00e4r l\u00e5ga moln och ingen utsikt. Molnsk\u00e4rmen passeras och en bl\u00e5 himmel brer ut sig. Det k\u00e4nns rogivande att se en bl\u00e5 himmel som omv\u00e4xling.<br \/>\nGolfbollen g\u00f6r en fr\u00e4ckis och flyttar fram en rad, till sittplats vid n\u00f6dutg\u00e5ngen. Ingen motar bort honom och han har en njutningsfyllresa med arm- och ben-utrymme.<br \/>\nSlappnar av med en bok som  har den n\u00e5got provokativa titeln \u2013 Omgiven av idioter!<br \/>\nKaffe ing\u00e5r p\u00e5 de annars numera p\u00e5vra flygresorna inom EU.<br \/>\nPlanet kommer ikapp och f\u00f6rbi tidtabellen samt landar 20 minuter f\u00f6re angiven tid. Frankfurt har sn\u00f6fall och minusgrader. Ser rader av plan som m\u00e5ste avisas. Tydligen skall man \u00e5ka s\u00f6derut f\u00f6r att f\u00e5 en vit december? L\u00e4ste i morse att det till och med sn\u00f6ar p\u00e5 Mallorca!<br \/>\nFlygplatsen i Frankfurt \u00e4r stor och det blir en del vandrande och t\u00e5g-f\u00e4rd innan s\u00e4llskapet anl\u00e4nder till r\u00e4tt gate. Passar p\u00e5 att k\u00f6pa lite dryck f\u00f6r \u201dmedicinskt bruk\u201d. Kreditkortet fungerar inte vid betalningen och blir lite st\u00e4lld. Kommer dock p\u00e5, att allt k\u00f6p p\u00e5 internet och utomlands \u00e4r sp\u00e4rrat.<br \/>\nKreditkortet blev hackat och t\u00f6mt f\u00f6r n\u00e5gra veckor sedan, varf\u00f6r allt har st\u00e4ngts. L\u00e5ser upp s\u00e5 att transaktionen kan genomf\u00f6ras och sp\u00e4rrar kortet igen.<br \/>\nYtterligare n\u00e5gra kontroller och s\u00e4llskapet anl\u00e4nder till gaten. H\u00e4r \u00e4r varmt, tr\u00e5ngt, mycket folk i r\u00f6relse och undertecknad verkar hela tiden ha n\u00e5gon som skall kl\u00e4ttra p\u00e5 densammes rygg. Synnerligen irriterande.<br \/>\nOmbordstigningen \u00e4r f\u00f6rsenad och det \u00e4r trist att v\u00e4nta. Golfbollen skall gl\u00e4nsa med sin l\u00e5g-pris telefon. Denne menar att det byts bakgrundsbild varje g\u00e5ng locket sl\u00e5s igen. Inte fan fungerar det. Med diverse komplicerade knapptryckningar, s\u00e5 fungerar detta till slut. Som sagt var \u2013 K\u00f6p en \u201driktig\u201d telefon!<br \/>\nPlanet \u00e4r f\u00f6rsenat och blir troligen ytterligare, d\u00e5 denna skall avisas och det \u00e4r nog k\u00f6 till denna procedur idag. K\u00e4nner pl\u00f6tsligt ett surr p\u00e5 handleden och det \u00e4r undertecknads avancerade sportklocka som f\u00e5r ett meddelande fr\u00e5n flygbolaget att planets avg\u00e5ng \u00e4r f\u00f6rsenat. Avg\u00e5ngstiden \u00e4r framflyttad 1 timme och 10 minuter.<br \/>\nF\u00e5 se om det blir samma nattliga \u00e4ventyr som f\u00f6rra g\u00e5ngen, n\u00e4r undertecknad efter m\u00e5nga om och men, kom i s\u00e4ng p\u00e5 r\u00e4tt hotell 05:45 p\u00e5 morgonen lokal tid. (Se tidigare reseskildring).<br \/>\nPiloten genomf\u00f6r en l\u00e5ng utl\u00e4ggning vad som p\u00e5g\u00e5r och vad som \u00e4r komplicerande faktorer f\u00f6r att komma iv\u00e4g. Denne kan inte lova n\u00e5gon avg\u00e5ngstid.<br \/>\nSammanfattar:<br \/>\n\u2022\tSn\u00f6fall i p\u00e5 flygplatsen \u00e4r n\u00e5got ovanlig<br \/>\n\u2022\tDet \u00e4r brist p\u00e5 avisnings-fordon<br \/>\n\u2022\tDet \u00e4r brist p\u00e5 plogande fordon<br \/>\n\u2022\tAvisning och plogning m\u00e5ste matchas<br \/>\n\u2022\tNya slot-tider m\u00e5ste hanteras<br \/>\n\u2022\tLuft-rutter m\u00e5ste hanteras<br \/>\nHan n\u00e4mnde s\u00e4kert n\u00e5got mer, men sj\u00f6nk ihop n\u00e4r denne meddelat ovan. Det kommer bli en l\u00e5ng dag och natt.<br \/>\nH\u00f6r ett meddelande och uppfattar att personalen meddelar att man st\u00e4ngt alla servicar p\u00e5 flygplatsen. G\u00e4ller det avisning och plogande ocks\u00e5?<br \/>\nBer\u00e4ttade om dr\u00f6mmen i b\u00f6rjan av denna blogg och b\u00f6rjar fundera om undertecknad har ett sj\u00e4tte sinne?<br \/>\nNu har det g\u00e5tt 1 timme och 40 minuter och inga avisningsfordon i sikte. Piloten meddelar att all organisation har brutit samman p\u00e5 flygplatsen. Det saknas avisningsfordon och det finns inte push-truckar tillg\u00e4ngliga f\u00f6r att skjuta ut de plan som \u00e4r klara f\u00f6r avf\u00e4rd. Detta inneb\u00e4r att de som \u00e4r klara m\u00e5ste avisas igen.<br \/>\nPiloten meddelar att inget som helst l\u00f6fte kan ges avseende n\u00e4r det \u00e4r dags att lyfta.<br \/>\nTrodde Tyskar var ett v\u00e4lorganiserat sl\u00e4kte? L\u00e5ng dags f\u00e4rd mot natt, var det n\u00e5gon som sade en g\u00e5ng.<br \/>\nSitter p\u00e5 sista raden i planet och h\u00f6r en flygv\u00e4rd prata med en passagerare. Man har st\u00e4ngt 3 av 4 start- och landningsbanor. Hon pratar med en Indiskt passagerare och denne \u00e4r orolig eller mera konstaterar att han inte kommer att hinna med sitt anslutningsflyg.<br \/>\nDetta kommer naturligtvis ocks\u00e5 att fortplanta sig n\u00e4r planet skall vidare fr\u00e5n Bangalore. Det kommer att bli n\u00e5gra tunga dagar som ett resultat av detta el\u00e4nde. Hade hoppats f\u00e5 sova ikapp f\u00f6rsta dagen p\u00e5 orten, men det ser m\u00f6rkt ut p\u00e5 \u201dKameruns avbytarb\u00e4nk\u201d som n\u00e5gon sa.<br \/>\nDet har g\u00e5tt tv\u00e5 timmar och planet skjutsas bort fr\u00e5n gaten och skall till n\u00e5got annat st\u00e4lle f\u00f6r att v\u00e4nta p\u00e5\/f\u00e5 avisning. Tror p\u00e5 det f\u00f6rst n\u00e4r detta \u00e4r ett faktum.<br \/>\nDet har g\u00e5tt 3 timmar och avisningsfordon dyker upp. De sprutar friskt \u00f6ver hela planet. Kan det finnas hopp? Fordonen l\u00e4mnar planet och kaptenen meddelar att alla skall sitta ner d\u00e5 planet skall starta inom minuter.<br \/>\nMEN s\u00e5 blir inte fallet, utan planet st\u00e5r stilla p\u00e5 banan och k\u00f6r inte iv\u00e4g.<br \/>\nAlla v\u00e4ntar och v\u00e4ntar och v\u00e4ntar tills kaptenen meddelar, att av s\u00e4kerhetssk\u00e4l s\u00e5 kan inte planet avg\u00e5 d\u00e5 nuvarande bes\u00e4ttning varit\/kommer att vara i tj\u00e4nst alldeles f\u00f6r l\u00e4nge. Planet m\u00e5ste g\u00e5 in till parkering och flygbolaget skall f\u00f6rs\u00f6ka ragga upp en ny bes\u00e4ttning!<br \/>\nB\u00f6rjar bli hungrig d\u00e5 den senaste m\u00e5ltiden intogs klockan 05:00 i morse och klockan \u00e4r nu 16:10. Sakta vi k\u00f6ra mot parkeringen. Det verkar som forts\u00e4ttning f\u00f6ljer.<br \/>\nNu meddelas att denna flight cancelleras. Alla skall med buss till terminal B och skall k\u00f6a vid diskar f\u00f6r att l\u00f6sa varje individuellt resebekymmer! Ser inte fram emot dessa k\u00f6er. Snart \u00e4r det 12 timmar sen senaste m\u00e5ltiden.<br \/>\nNu meddelas att det g\u00e4ller att hitta bussar! Detta verkar vara en ytterligare utmaning denna helg.<br \/>\nT\u00e4nk vad material det blir till denna blogg ang\u00e5ende en resa som borde vara ganska beige!<br \/>\nBussarna kommer till slut och k\u00f6r planets passagerare till terminalen.<br \/>\nI terminalen blir det den totala anarkin, kaoset, frustrationen, ovissheten, k\u00f6andet, matbrist, etc. Vet inte hur mycket som kan r\u00e4knas upp n\u00e4r tusentals strandade passagerar skall f\u00f6rs\u00f6ka f\u00e5 hj\u00e4lp att komma n\u00e5gonstans.<br \/>\nFlygbolagets hemsida brakar ihop. Kommer inte fram p\u00e5 telefon, V\u00e5r egen reseagent kan inte hj\u00e4lpa, maten tar slut i terminalen, k\u00f6er till servicediskar \u00e4r 700-800 meter. Lyckas efter 12 timmar utan mat f\u00e5 en macka och en \u00f6l. St\u00e5r i 4 timmar i k\u00f6 f\u00f6r att f\u00e5 n\u00e5gon hj\u00e4lp. Personalen \u00e4r f\u00f6r f\u00e5. Vakter finns f\u00f6r att h\u00e5lla ordning. \u00c4r mycket tr\u00f6tt efter att varit ig\u00e5ng sedan 04:30.<br \/>\nKlockan 09:30 n\u00e5r s\u00e4llskapet \u00e4ntligen fram i k\u00f6n till n\u00e5gon hj\u00e4lp men det blir bara en kupong till taxi, hotell, middag och frukost. N\u00e4sta dag \u00e4r det bara att \u00e5terv\u00e4nda till flygplatsen f\u00f6r nya k\u00f6er.<br \/>\nF\u00e5r mat klockan 22:00 p\u00e5 hotellet. F\u00e5r k\u00f6a en halv timme f\u00f6r att check in till rummet.<br \/>\nStupar i s\u00e4ng klockan 23:30. Har inget ombyte eller andra artiklar.<br \/>\n<a href=\"#start\">\u00c5ter till start<\/a><\/p>\n<h2 id=\"d2\">Dag 2 N\u00e4sta etapp mot m\u00e5let?<\/h2>\n<p>Vaknar tidigt och k\u00e4nner en viss tr\u00f6tthet sedan ig\u00e5r. Hade v\u00e4ntat mer ryggsm\u00e4rta, d\u00e5 detta brukar komma vid l\u00e4ngre tids st\u00e5ende. Det blev mycket st\u00e5ende och v\u00e4ntan ig\u00e5r.<br \/>\nDet visade sig att 90 plan blev cancellerade.<br \/>\nVilket s\u00e4tt att tillbringa en s\u00f6ndag? \u2013 St\u00e5, sitta, k\u00f6a fr\u00e5n 05:00 till 24:00.<br \/>\nS\u00e4llskapet \u00e4ter frukost och tar en taxi till flygplatsen. Det sn\u00f6ar inte, men enligt uppgift ska det komma mer n\u00e4sta natt. Bara att hoppas att s\u00e4llskapet \u00e4r borta fr\u00e5n detta st\u00e4lle innan n\u00e4sta sn\u00f6fall.<br \/>\nKliver in i terminalen och det \u00e4r ca 4-500 meter k\u00f6 till ombokningen! Denna f\u00f6rmiddag \u00e4r det bemannat med fler operat\u00f6rer j\u00e4mf\u00f6rt g\u00e5rdagen. Det m\u00e4rks mera, att k\u00f6n r\u00f6r sig lite fram\u00e5t.<br \/>\nDet blir \u201dbara\u201d 1,5 timme k\u00f6ande denna morgon.<br \/>\nFr\u00e5gar en operat\u00f6r om m\u00f6jliga resor till slutm\u00e5let Bangalore. Denne ber\u00e4ttar att det finns m\u00f6jlighet att st\u00e4lla sig i stand-by f\u00f6r ett antal flighter idag och i v\u00e4rsta fall n\u00e4sta dag. Inga bokningar kan reserveras.<br \/>\nS\u00e4llskapet st\u00e4ller inte upp p\u00e5 dessa villkor. Detta kan inneb\u00e4ra att s\u00e4llskapet riskerar att f\u00e5 tillbringa ytterligare tv\u00e5 dygn p\u00e5 denna flygplats. Med tanke p\u00e5 eventuellt kommande sn\u00f6fall, s\u00e5 f\u00f6resl\u00e5r s\u00e4llskapet att resan bokas om till Stockholm.<br \/>\nOperat\u00f6ren f\u00e5r genomf\u00f6ra mycket omfattande knapptryckande f\u00f6r att till slut boka s\u00e4llskapet p\u00e5 en flight till Stockholm klockan 11:00. Det k\u00e4nns lite rumphugget, men inga vettiga alternativ finns.<br \/>\nS\u00e4llskapet \u00e4r raska till s\u00e4kerhetskontrollen och f\u00e5r g\u00e5 genom den prioriterade k\u00f6n. Trots detta hamnar Golfbollen bakom tv\u00e5 strulputtar.  Undertecknad f\u00e5r igenom g\u00e5rdagens inhandlade flaska, d\u00e5 den \u00e4r i en f\u00f6rseglad p\u00e5se. F\u00f6rra g\u00e5ngen det begav sig i Lissabon, fick 3 flaskor Madeira konsumeras efter \u201db\u00e4sta f\u00f6rm\u00e5ga\u201d och sedan h\u00e4llas ut. Denna g\u00e5ng var det inte giltigt att ta in flaskorna genom s\u00e4kerhetskontrollen.<br \/>\nS\u00e4llskapet rusar vidare och ser att gaten \u00e4r n\u00e4ra, varf\u00f6r det blir ett bes\u00f6k i tax-free butiken. Det blir lite \u201dh\u00e4lso-dryck\u201d f\u00f6r undertecknad och liknande f\u00f6r Golfbollen. Golfbollen verkade inte gilla sin valda sort och d\u00e4ngde den i golvet vid kassan. Det st\u00e4nkte och klirrade rej\u00e4lt. Skyldiga respektive f\u00f6rmanande blickar utbyttes och Golfbollen dr\u00f6p iv\u00e4g. Lusten till inhandlade drycker f\u00f6rsvann av n\u00e5gon anledning.<br \/>\nS\u00e4llskapet \u00e4ntrar planet som \u00e4r fullt.  Under flygningen blir det en glad \u00f6verraskning att sm\u00f6rg\u00e5s och dryck ing\u00e5r. Detta \u00e4r ovanligt j\u00e4mf\u00f6rt med andra bolag, som febrilt jagar kostnader och inte upplevelser f\u00f6r passagerare.<br \/>\nDet \u00e4r vacker utsikt \u00f6ver Stockholm och ser den f\u00f6rra arbetsplatsen samt n\u00e5gra kunders lokaler.<br \/>\nI samband med bokningen av \u00e5terresan, varnade operat\u00f6ren att det eventuellt kunde bli s\u00e5 att bagaget inte hinner med. Det st\u00e5r m\u00e4ngder med v\u00e4skor p\u00e5 Frankfurts flygplats som v\u00e4ntar p\u00e5 alla ombokningar. Blir d\u00e4rf\u00f6r f\u00f6rv\u00e5nad n\u00e4r undertecknads v\u00e4ska dyker upp bland de f\u00f6rsta. D\u00e4remot kommer inte Golfbollens v\u00e4ska. Konstigt att denne f\u00e5tt all den otur som undertecknad \u201dalltid\u201d brukar prenumerera p\u00e5.<br \/>\nHar lokaliserat var en eventuell v\u00e4sk-f\u00f6rlust ska hanteras och hetsar Golfbollen att ta sig dit. Golfbollen \u00f6vertygar man inte utan bevis, varf\u00f6r det blir lite aggressivare coachning. Han kommer till r\u00e4tt plats innan \u00f6vriga, som ocks\u00e5 saknar sina v\u00e4skor och ser till att han tar en nummerlapp.<br \/>\nDet g\u00e5r lite tr\u00f6gt i hanteringen, d\u00e5 alla som har business klass etc. g\u00e5r f\u00f6re.<br \/>\nN\u00e4r v\u00e4l Golfbollen f\u00e5r hj\u00e4lp g\u00e5r det raskt och allt n\u00f6dv\u00e4ndigt registreras.<br \/>\nS\u00e4llskapet tar bussen till parkeringen och f\u00f6rsta g\u00e5ngen p\u00e5 denna resa \u00e4r allt i undertecknads h\u00e4nder (n\u00e4stan).<br \/>\n\u00c4r lite orolig att det skall vara halt men det \u00e4r inga problem. Tyv\u00e4rr s\u00e5 blir det problem vid ett v\u00e4gbygge. Alla trafik passeras med hj\u00e4lp av r\u00f6d-lyse och en bil-lots. Det tar l\u00e5ng tid f\u00f6r trafiken i respektive riktning. Tyv\u00e4rr \u00e4r det n\u00e5got fel p\u00e5 r\u00f6d-lyset vid s\u00e4llskapets \u00e4nde d\u00e5 det blir gr\u00f6nt och sedan r\u00f6tt efter tv\u00e5 sekunder! Det skapas en l\u00e5ng k\u00f6 p\u00e5 s\u00e4llskapets sida samt omfattande irritation hos undertecknad. Det skall \u201dj\u00e4vlas in i det sista\u201d \u00e4r undertecknads devis.<br \/>\nS\u00e4llskapet n\u00e5r till slut respektive hem ca 17:00.<br \/>\nDetta blev en rumphuggen resa med inget annat \u00e4n just resande. Det k\u00e4nns s\u00e5 meningsl\u00f6st och sl\u00f6seri med tid. Tyv\u00e4rr kan man inte g\u00f6ra n\u00e5got \u00e5t v\u00e4drets makter.<br \/>\nB\u00e4ttre resa n\u00e4sta g\u00e5ng?<br \/>\n<a href=\"#start\">\u00c5ter till start<\/a><\/p>\n","protected":false},"excerpt":{"rendered":"<p>Dagar Dag 1 Dag 2 Dag 1 L\u00e5ng dags f\u00e4rd mot natt Resan b\u00f6rjar d\u00e5ligt. \u00c5ker till Stockholm med bil och det visar sig att det inte g\u00e5r att \u00e5ka bil till hotellet. Det finns ingen avfart fr\u00e5n huvudv\u00e4gen! F\u00e5r ta den tunga resv\u00e4ska och g\u00e5 i gruset vid sidan av en v\u00e4g som g\u00e5r &hellip; <a href=\"https:\/\/nyastigar.se\/?page_id=4340\" class=\"more-link\">Forts\u00e4tt l\u00e4sa <span class=\"screen-reader-text\">Resa Bangalore Dec 2017 &#8211; En (sann) mardr\u00f6m<\/span> <span class=\"meta-nav\">&rarr;<\/span><\/a><\/p>\n","protected":false},"author":1,"featured_media":0,"parent":0,"menu_order":0,"comment_status":"closed","ping_status":"closed","template":"","meta":{"footnotes":""},"class_list":["post-4340","page","type-page","status-publish","hentry"],"_links":{"self":[{"href":"https:\/\/nyastigar.se\/index.php?rest_route=\/wp\/v2\/pages\/4340","targetHints":{"allow":["GET"]}}],"collection":[{"href":"https:\/\/nyastigar.se\/index.php?rest_route=\/wp\/v2\/pages"}],"about":[{"href":"https:\/\/nyastigar.se\/index.php?rest_route=\/wp\/v2\/types\/page"}],"author":[{"embeddable":true,"href":"https:\/\/nyastigar.se\/index.php?rest_route=\/wp\/v2\/users\/1"}],"replies":[{"embeddable":true,"href":"https:\/\/nyastigar.se\/index.php?rest_route=%2Fwp%2Fv2%2Fcomments&post=4340"}],"version-history":[{"count":7,"href":"https:\/\/nyastigar.se\/index.php?rest_route=\/wp\/v2\/pages\/4340\/revisions"}],"predecessor-version":[{"id":4353,"href":"https:\/\/nyastigar.se\/index.php?rest_route=\/wp\/v2\/pages\/4340\/revisions\/4353"}],"wp:attachment":[{"href":"https:\/\/nyastigar.se\/index.php?rest_route=%2Fwp%2Fv2%2Fmedia&parent=4340"}],"curies":[{"name":"wp","href":"https:\/\/api.w.org\/{rel}","templated":true}]}}